{"id":3456,"date":"2016-05-22T10:29:00","date_gmt":"2016-05-22T09:29:00","guid":{"rendered":"http:\/\/couleursjazz.fr\/site\/fr\/?page_id=3456"},"modified":"2016-06-11T22:21:46","modified_gmt":"2016-06-11T21:21:46","slug":"magazine-ipad","status":"publish","type":"page","link":"https:\/\/couleursjazz.fr\/fr\/magazine-ipad\/","title":{"rendered":"Magazine iPad"},"content":{"rendered":"[bgsection pex_attr_title=\u00a0\u00bbCOULEURS JAZZ sur iPad\u00a0\u00bb pex_attr_subtitle=\u00a0\u00bbLe Jazz comme vous ne l\u2019avez jamais lu\u00a0\u00bb pex_attr_undefined=\u00a0\u00bbundefined\u00a0\u00bb pex_attr_style=\u00a0\u00bbsection-dark\u00a0\u00bb pex_attr_bgcolor=\u00a0\u00bbF7F7F7&Prime; pex_attr_image=\u00a0\u00bb\u00a0\u00bb pex_attr_imageopacity=\u00a0\u00bb0.1&Prime; pex_attr_bgimagestyle=\u00a0\u00bbstatic\u00a0\u00bb pex_attr_titlecolor=\u00a0\u00bb252525&Prime; pex_attr_textcolor=\u00a0\u00bb252525&Prime; pex_attr_height=\u00a0\u00bb\u00a0\u00bb]\n<div class=\"row-fluid\">\n<div class=\"span6 rhcol\">\n<p>COULEURS JAZZ est le premier et le seul magazine de jazz con\u00e7u pour l\u2019iPad. Cette musique devenue classique, touche toutes les \u00e9poques, tous les courants musicaux et s&rsquo;adresse \u00e0 tous les publics.<\/p>\n<p>Notre promesse est d\u2019\u00e9voquer les classiques du Jazz, comme de faire d\u00e9couvrir les talents \u00e9mergents et les couleurs Jazz des cinq continents. Nous sommes fiers de nous adresser \u00e0 un nouveau public qui n\u2019avait jusqu\u2019alors, jamais achet\u00e9 de presse musicale.<\/p>\n<p>&nbsp;<\/p>\n<\/div>\n<div class=\"span6 rhcol\">\n<p>COULEURS JAZZ tire \u00e0 la fois parti de tout ce qui rend cette musique si unique et des sp\u00e9cificit\u00e9s de l\u2019iPad : une maquette \u00e9l\u00e9gante, un v\u00e9ritable travail d\u2019auteur pour les textes, les photos et les vid\u00e9os, de l&rsquo;interactivit\u00e9 et des extraits exclusifs de concerts. Faites d\u00e9filer sous vos doigts et retrouvez dans chaque \u00e9dition des sujets d\u2019actualit\u00e9, des portraits, un portfolio, des vid\u00e9os exclusives et la s\u00e9lection des albums de la R\u00e9daction \u00ab Dans les bacs \u00bb, que vous pouvez maintenant \u00e9couter et acheter (depuis le N\u00b04).<\/p>\n<p>\u00c0 lire, voir et \u00e9couter chaque trimestre&#8230;<\/p>\n<\/div>\n<\/div>\n<div class=\"row-fluid\">\n<div class=\"span6 rhcol\"><a href=\"https:\/\/itunes.apple.com\/fr\/app\/couleurs-jazz\/id571323800?mt=8\" target=\"_blank\"><img loading=\"lazy\" decoding=\"async\" class=\"img-frame alignright\" src=\"\/\/couleursjazz.fr\/site\/wp-content\/uploads\/2016\/05\/store1.png\" width=\"170\" height=\"56\" \/><\/a><\/div>\n<div class=\"span6 rhcol\"><a href=\"\/\/couleursjazz.fr\/fr\/magazine-ipad\/read-online\/\"><img loading=\"lazy\" decoding=\"async\" class=\"img-frame alignleft\" src=\"\/\/couleursjazz.fr\/site\/wp-content\/uploads\/2016\/06\/lire.png\" width=\"170\" height=\"56\" \/><\/a><\/div>\n<\/div>\n[\/bgsection]\n[bgsection pex_attr_title=\u00a0\u00bb\u00a0\u00bb pex_attr_subtitle=\u00a0\u00bb\u00a0\u00bb pex_attr_undefined=\u00a0\u00bbundefined\u00a0\u00bb pex_attr_style=\u00a0\u00bbsection-dark\u00a0\u00bb pex_attr_bgcolor=\u00a0\u00bb171717&Prime; pex_attr_image=\u00a0\u00bb\u00a0\u00bb pex_attr_imageopacity=\u00a0\u00bb0.1&Prime; pex_attr_bgimagestyle=\u00a0\u00bbstatic\u00a0\u00bb pex_attr_titlecolor=\u00a0\u00bbffffff\u00a0\u00bb pex_attr_textcolor=\u00a0\u00bbffffff\u00a0\u00bb pex_attr_height=\u00a0\u00bb\u00a0\u00bb]\n<div id=\"bottom-bloc\"><img decoding=\"async\" class=\"img-frame aligncenter\" src=\"http:\/\/couleursjazz.fr\/site\/wp-content\/uploads\/2016\/05\/pad1.png\" \/><\/div>\n[\/bgsection]\n","protected":false},"excerpt":{"rendered":"<p>[bgsection pex_attr_title=\u00a0\u00bbCOULEURS JAZZ sur iPad\u00a0\u00bb pex_attr_subtitle=\u00a0\u00bbLe Jazz comme vous ne l\u2019avez jamais lu\u00a0\u00bb pex_attr_undefined=\u00a0\u00bbundefined\u00a0\u00bb pex_attr_style=\u00a0\u00bbsection-dark\u00a0\u00bb pex_attr_bgcolor=\u00a0\u00bbF7F7F7&Prime; pex_attr_image=\u00a0\u00bb\u00a0\u00bb pex_attr_imageopacity=\u00a0\u00bb0.1&Prime; pex_attr_bgimagestyle=\u00a0\u00bbstatic\u00a0\u00bb pex_attr_titlecolor=\u00a0\u00bb252525&Prime; pex_attr_textcolor=\u00a0\u00bb252525&Prime; pex_attr_height=\u00a0\u00bb\u00a0\u00bb] COULEURS JAZZ est le premier et le seul&#8230;<\/p>\n","protected":false},"author":1,"featured_media":0,"parent":0,"menu_order":0,"comment_status":"closed","ping_status":"closed","template":"template-full-custom.php","meta":{"_acf_changed":false,"footnotes":""},"class_list":["post-3456","page","type-page","status-publish"],"acf":[],"_links":{"self":[{"href":"https:\/\/couleursjazz.fr\/fr\/wp-json\/wp\/v2\/pages\/3456","targetHints":{"allow":["GET"]}}],"collection":[{"href":"https:\/\/couleursjazz.fr\/fr\/wp-json\/wp\/v2\/pages"}],"about":[{"href":"https:\/\/couleursjazz.fr\/fr\/wp-json\/wp\/v2\/types\/page"}],"author":[{"embeddable":true,"href":"https:\/\/couleursjazz.fr\/fr\/wp-json\/wp\/v2\/users\/1"}],"replies":[{"embeddable":true,"href":"https:\/\/couleursjazz.fr\/fr\/wp-json\/wp\/v2\/comments?post=3456"}],"version-history":[{"count":0,"href":"https:\/\/couleursjazz.fr\/fr\/wp-json\/wp\/v2\/pages\/3456\/revisions"}],"wp:attachment":[{"href":"https:\/\/couleursjazz.fr\/fr\/wp-json\/wp\/v2\/media?parent=3456"}],"curies":[{"name":"wp","href":"https:\/\/api.w.org\/{rel}","templated":true}]}}